{"id":934,"date":"2019-07-08T15:25:08","date_gmt":"2019-07-08T12:25:08","guid":{"rendered":"https:\/\/ktgb.test\/?page_id=934"},"modified":"2020-09-04T14:48:19","modified_gmt":"2020-09-04T11:48:19","slug":"gazeteci-degisim-programi","status":"publish","type":"page","link":"https:\/\/gazetecilerbirligi.com\/?page_id=934","title":{"rendered":"Gazeteci De\u011fi\u015fim Program\u0131"},"content":{"rendered":"\t\t<div data-elementor-type=\"wp-post\" data-elementor-id=\"934\" class=\"elementor elementor-934\" data-elementor-settings=\"[]\">\n\t\t\t\t\t\t<div class=\"elementor-inner\">\n\t\t\t\t\t\t\t<div class=\"elementor-section-wrap\">\n\t\t\t\t\t\t\t<section class=\"elementor-section elementor-top-section elementor-element elementor-element-b4e8563 elementor-section-boxed elementor-section-height-default elementor-section-height-default\" data-id=\"b4e8563\" data-element_type=\"section\">\n\t\t\t\t\t\t<div class=\"elementor-container elementor-column-gap-default\">\n\t\t\t\t\t\t\t<div class=\"elementor-row\">\n\t\t\t\t\t<div class=\"elementor-column elementor-col-100 elementor-top-column elementor-element elementor-element-733b099\" data-id=\"733b099\" data-element_type=\"column\">\n\t\t\t<div class=\"elementor-column-wrap elementor-element-populated\">\n\t\t\t\t\t\t\t<div class=\"elementor-widget-wrap\">\n\t\t\t\t\t\t<div class=\"elementor-element elementor-element-1688164 elementor-widget elementor-widget-image\" data-id=\"1688164\" data-element_type=\"widget\" data-widget_type=\"image.default\">\n\t\t\t\t<div class=\"elementor-widget-container\">\n\t\t\t\t\t<div class=\"elementor-image\">\n\t\t\t\t\t\t\t\t\t\t<img decoding=\"async\" src=\"https:\/\/gazetecilerbirligi.com\/wp-content\/uploads\/elementor\/thumbs\/avrupa-guvenlik-ve-isbirligi-teskilati-ouva8id2ubn2o5w4q36xkddtg0p356l7a9jb7p2kpo.png\" title=\"avrupa-guvenlik-ve-isbirligi-teskilati\" alt=\"avrupa-guvenlik-ve-isbirligi-teskilati\" \/>\t\t\t\t\t\t\t\t\t\t\t<\/div>\n\t\t\t\t<\/div>\n\t\t\t\t<\/div>\n\t\t\t\t<div class=\"elementor-element elementor-element-3ea8c1b elementor-widget elementor-widget-text-editor\" data-id=\"3ea8c1b\" data-element_type=\"widget\" data-widget_type=\"text-editor.default\">\n\t\t\t\t<div class=\"elementor-widget-container\">\n\t\t\t\t\t<div class=\"elementor-text-editor elementor-clearfix\"><p>K\u0131br\u0131s&#8217;\u0131n iki yakas\u0131ndaki gazeteciler, Avrupa G\u00fcvenlik ve \u0130\u015fbirli\u011fi Te\u015fkilat\u0131 &#8211; AG\u0130T \u00f6nderli\u011finde ge\u00e7ti\u011fimiz y\u0131l d\u00fczenlenen de\u011fi\u015fim program\u0131n\u0131 yineliyor.<\/p><p>Bas\u0131n Emek\u00e7ileri Sendikas\u0131, K\u0131br\u0131s T\u00fcrk Gazeteciler Birli\u011fi ve K\u0131br\u0131s Gazeteciler Sendikas\u0131 ortakl\u0131\u011f\u0131nda, AG\u0130T \u00f6nderli\u011finde ba\u015flat\u0131lacak de\u011fi\u015fim program\u0131yla; K\u0131br\u0131s&#8217;\u0131n kuzeyinden se\u00e7ilecek olan gazeteciler g\u00fcneyde, g\u00fcneyden se\u00e7ilecek gazeteciler ise kuzeyde 5 g\u00fcn g\u00f6rev yapacak.<\/p><p>De\u011fi\u015fim program\u0131n\u0131n, 15 Ekim 2019 &#8211; 31 Aral\u0131k 2019 tarihleri aras\u0131nda yap\u0131lmas\u0131 \u00f6ng\u00f6r\u00fcl\u00fcyor. 15 Eyl\u00fcl 2019 tarihine kadar yap\u0131lacak ba\u015fvurular, K\u0131br\u0131s Gazeteciler Sendikas\u0131, K\u0131br\u0131s T\u00fcrk Gazeteciler Birli\u011fi ve Bas\u0131n-Sen y\u00f6netimleri taraf\u0131ndan de\u011ferlendirilecek.<\/p><\/div>\n\t\t\t\t<\/div>\n\t\t\t\t<\/div>\n\t\t\t\t\t\t<\/div>\n\t\t\t\t\t<\/div>\n\t\t<\/div>\n\t\t\t\t\t\t\t\t<\/div>\n\t\t\t\t\t<\/div>\n\t\t<\/section>\n\t\t\t\t<section class=\"elementor-section elementor-top-section elementor-element elementor-element-d7cb385 elementor-section-boxed elementor-section-height-default elementor-section-height-default\" data-id=\"d7cb385\" data-element_type=\"section\">\n\t\t\t\t\t\t<div class=\"elementor-container elementor-column-gap-default\">\n\t\t\t\t\t\t\t<div class=\"elementor-row\">\n\t\t\t\t\t<div class=\"elementor-column elementor-col-100 elementor-top-column elementor-element elementor-element-533af55\" data-id=\"533af55\" data-element_type=\"column\">\n\t\t\t<div class=\"elementor-column-wrap elementor-element-populated\">\n\t\t\t\t\t\t\t<div class=\"elementor-widget-wrap\">\n\t\t\t\t\t\t<div class=\"elementor-element elementor-element-360542d elementor-widget elementor-widget-heading\" data-id=\"360542d\" data-element_type=\"widget\" data-widget_type=\"heading.default\">\n\t\t\t\t<div class=\"elementor-widget-container\">\n\t\t\t<h2 class=\"elementor-heading-title elementor-size-default\">Proje Haberleri<\/h2>\t\t<\/div>\n\t\t\t\t<\/div>\n\t\t\t\t<div class=\"elementor-element elementor-element-9944b17 elementor-widget elementor-widget-bdt-post-grid\" data-id=\"9944b17\" data-element_type=\"widget\" data-widget_type=\"bdt-post-grid.bdt-alter\">\n\t\t\t\t<div class=\"elementor-widget-container\">\n\t\t\t \n\t\t<div id=\"bdt-post-grid-9944b17\" class=\"bdt-post-grid bdt-post-grid-skin-alter\">\n\n\t\t\t\t\t\t<div class=\"bdt-post-grid-item bdt-transition-toggle bdt-position-relative bdt-grid bdt-grid-collapse\" data-bdt-grid=\"\">\n\n\t\t\t\t<div class=\"bdt-position-relative bdt-width-auto@s bdt-pg-alter-image\">\n\t\t\t\t\t<div class=\"bdt-post-grid-img-wrap bdt-overflow-hidden\">\n\t\t\t\t<a href=\"https:\/\/gazetecilerbirligi.com\/?p=2838\" class=\"bdt-transition-scale-up bdt-background-cover bdt-transition-opaque bdt-flex\" title=\"\u00dclkemizde her bireyin \u00fczerine titremesi gereken demokrasi, fikir ve bas\u0131n \u00f6zg\u00fcrl\u00fc\u011f\u00fcn\u00fcn, \u00e7o\u011fulculu\u011fun ve ho\u015fg\u00f6r\u00fcn\u00fcn son zamanlarda ald\u0131\u011f\u0131 darbeler kayg\u0131 vericidir.\" style=\"background-image: url(https:\/\/gazetecilerbirligi.com\/wp-content\/uploads\/2021\/01\/LOGO-WEB.png)\">\n  \t\t\t\t<\/a>\n\t\t\t<\/div>\t\t\t\t\t\t\t\t\t<\/div>\n\n\t\t  \t\t<div class=\"bdt-post-grid-desc bdt-width-expand@s bdt-padding bdt-plane\">\n\t\t\t\t\t<h2 class=\"bdt-post-grid-title\" >\n\t\t\t\t<a href=\"https:\/\/gazetecilerbirligi.com\/?p=2838\" class=\"bdt-post-grid-link\" title=\"\u00dclkemizde her bireyin \u00fczerine titremesi gereken demokrasi, fikir ve bas\u0131n \u00f6zg\u00fcrl\u00fc\u011f\u00fcn\u00fcn, \u00e7o\u011fulculu\u011fun ve ho\u015fg\u00f6r\u00fcn\u00fcn son zamanlarda ald\u0131\u011f\u0131 darbeler kayg\u0131 vericidir.\">\n\t\t\t\t\t\u00dclkemizde her bireyin \u00fczerine titremesi gereken demokrasi, fikir ve bas\u0131n \u00f6zg\u00fcrl\u00fc\u011f\u00fcn\u00fcn, \u00e7o\u011fulculu\u011fun ve ho\u015fg\u00f6r\u00fcn\u00fcn son zamanlarda ald\u0131\u011f\u0131 darbeler kayg\u0131 vericidir.\n\t\t\t\t<\/a>\n\t\t\t<\/h2>\n\t\t\t\t\t\t\t\t<div class=\"bdt-post-grid-excerpt\">\n\t\t\t<p>\u00dclkemizde her bireyin \u00fczerine titremesi gereken demokrasi, fikir ve bas\u0131n \u00f6zg\u00fcrl\u00fc\u011f\u00fcn\u00fcn, \u00e7o\u011fulculu\u011fun ve ho\u015fg\u00f6r\u00fcn\u00fcn son zamanlarda ald\u0131\u011f\u0131 darbeler kayg\u0131 vericidir. K\u0131br\u0131s T\u00fcrk Gazeteciler Birli\u011fi, \u00f6d\u00fcn verilemeyecek bu de\u011ferler i\u00e7in tarihi boyunca \u00f6nemli m\u00fccadeleler vermi\u015f, \u00fclkenin ayd\u0131n kesimlerinden biri olan gazetecilerin temsilcisidir. Bas\u0131n ve ifade \u00f6zg\u00fcrl\u00fc\u011f\u00fcne yap\u0131lan her sald\u0131r\u0131n\u0131n, uygulanan her<\/p>\n\t\t\t<\/div>\n\n\t\t\t\t\t\t\t\t\t\t\t\t\n\t\t\t\t\t\t\t\t\t\t\t<div class=\"bdt-post-grid-meta bdt-subnav bdt-flex-middle bdt-margin-small-top bdt-padding-remove-horizontal\">\n\t\t\t\t\t\t\t\t\t\t\t\t\t\t<span class=\"bdt-post-grid-date\">14 Temmuz 2021<\/span>\t\t\t\t\t\t\t\t\t\t\t\t\t\t\t\t\t\t\t\t<\/div>\n\t\t\t\t\t\t\t\t\t<\/div>\n\n\t\t\t<\/div>\n\t\t\t  \t\t\t\n\t  \t\t\t\n\t\t\t\t\t\t<div class=\"bdt-post-grid-item bdt-transition-toggle bdt-position-relative bdt-grid bdt-grid-collapse\" data-bdt-grid=\"\">\n\n\t\t\t\t<div class=\"bdt-position-relative bdt-width-auto@s bdt-pg-alter-image\">\n\t\t\t\t\t<div class=\"bdt-post-grid-img-wrap bdt-overflow-hidden\">\n\t\t\t\t<a href=\"https:\/\/gazetecilerbirligi.com\/?p=2620\" class=\"bdt-transition-scale-up bdt-background-cover bdt-transition-opaque bdt-flex\" title=\"AG\u0130T, 2. De\u011fi\u015fim Program\u0131n\u0131n Kapan\u0131\u015f Toplant\u0131s\u0131&#8217;n\u0131 Online Olarak Ger\u00e7ekle\u015ftirdi\" style=\"background-image: url(https:\/\/gazetecilerbirligi.com\/wp-content\/uploads\/2020\/11\/agit-resim-1.png)\">\n  \t\t\t\t<\/a>\n\t\t\t<\/div>\t\t\t\t\t\t\t\t\t<\/div>\n\n\t\t  \t\t<div class=\"bdt-post-grid-desc bdt-width-expand@s bdt-padding bdt-flex-first@s bdt-alter\">\n\t\t\t\t\t<h2 class=\"bdt-post-grid-title bdt-post-grid-title\" >\n\t\t\t\t<a href=\"https:\/\/gazetecilerbirligi.com\/?p=2620\" class=\"bdt-post-grid-link\" title=\"AG\u0130T, 2. De\u011fi\u015fim Program\u0131n\u0131n Kapan\u0131\u015f Toplant\u0131s\u0131&#8217;n\u0131 Online Olarak Ger\u00e7ekle\u015ftirdi\">\n\t\t\t\t\tAG\u0130T, 2. De\u011fi\u015fim Program\u0131n\u0131n Kapan\u0131\u015f Toplant\u0131s\u0131&#8217;n\u0131 Online Olarak Ger\u00e7ekle\u015ftirdi\n\t\t\t\t<\/a>\n\t\t\t<\/h2>\n\t\t\t\t\t\t\t\t<div class=\"bdt-post-grid-excerpt\">\n\t\t\t<p>Avrupa G\u00fcvenlik ve \u0130\u015fbirli\u011fi Te\u015fkilat\u0131 Bas\u0131n \u00d6zg\u00fcrl\u00fc\u011f\u00fc Ofisi, K\u0131br\u0131s T\u00fcrk Gazeteciler Birli\u011fi, Bas\u0131n Emek\u00e7ileri Sendikas\u0131 ve K\u0131br\u0131s Gazeteciler Sendikas\u0131 i\u015fbirli\u011finde ger\u00e7ekle\u015ftirilen 2. De\u011fi\u015fim Program\u0131\u2019n\u0131n kapan\u0131\u015f toplant\u0131s\u0131 online ortamda ger\u00e7ekle\u015ftirildi. Avrupa G\u00fcvenlik ve \u0130\u015fbirli\u011fi Te\u015fkilat\u0131 Bas\u0131n \u00d6zg\u00fcrl\u00fc\u011f\u00fc Ofisi Direkt\u00f6r\u00fc J\u00fcrgen Heissel, K\u0131br\u0131s Medya Diyalog Program\u0131\u2019n\u0131n yeni logosunu tan\u0131tt\u0131, de\u011fi\u015fim program\u0131n\u0131n devam<\/p>\n\t\t\t<\/div>\n\n\t\t\t\t\t\t\t\t\t\t\t\t\n\t\t\t\t\t\t\t\t\t\t\t<div class=\"bdt-post-grid-meta bdt-subnav bdt-flex-middle bdt-margin-small-top bdt-padding-remove-horizontal\">\n\t\t\t\t\t\t\t\t\t\t\t\t\t\t<span class=\"bdt-post-grid-date\">30 Kas\u0131m 2020<\/span>\t\t\t\t\t\t\t\t\t\t\t\t\t\t\t\t\t\t\t\t<\/div>\n\t\t\t\t\t\t\t\t\t<\/div>\n\n\t\t\t<\/div>\n\t\t\t  \t\t\t\n\t  \t\t\t\n\t\t\t\t\t\t<div class=\"bdt-post-grid-item bdt-transition-toggle bdt-position-relative bdt-grid bdt-grid-collapse\" data-bdt-grid=\"\">\n\n\t\t\t\t<div class=\"bdt-position-relative bdt-width-auto@s bdt-pg-alter-image\">\n\t\t\t\t\t<div class=\"bdt-post-grid-img-wrap bdt-overflow-hidden\">\n\t\t\t\t<a href=\"https:\/\/gazetecilerbirligi.com\/?p=2150\" class=\"bdt-transition-scale-up bdt-background-cover bdt-transition-opaque bdt-flex\" title=\"GAZETEC\u0130 DE\u011e\u0130\u015e\u0130M PROGRAMI TAMAMLANDI\" style=\"background-image: url(https:\/\/gazetecilerbirligi.com\/wp-content\/uploads\/2020\/04\/DERYA-B\u00d6KEYHAN-FOTO-2.jpg)\">\n  \t\t\t\t<\/a>\n\t\t\t<\/div>\t\t\t\t\t\t\t\t\t<\/div>\n\n\t\t  \t\t<div class=\"bdt-post-grid-desc bdt-width-expand@s bdt-padding bdt-plane\">\n\t\t\t\t\t<h2 class=\"bdt-post-grid-title bdt-post-grid-title bdt-post-grid-title\" >\n\t\t\t\t<a href=\"https:\/\/gazetecilerbirligi.com\/?p=2150\" class=\"bdt-post-grid-link\" title=\"GAZETEC\u0130 DE\u011e\u0130\u015e\u0130M PROGRAMI TAMAMLANDI\">\n\t\t\t\t\tGAZETEC\u0130 DE\u011e\u0130\u015e\u0130M PROGRAMI TAMAMLANDI\n\t\t\t\t<\/a>\n\t\t\t<\/h2>\n\t\t\t\t\t\t\t\t<div class=\"bdt-post-grid-excerpt\">\n\t\t\t<p>\u00a0Avrupa G\u00fcvenlik ve \u0130\u015fbirli\u011fi Te\u015fkilat\u0131-AG\u0130T \u00f6nderli\u011finde d\u00fczenlenen bu y\u0131lki de\u011fi\u015fim program\u0131 tamamland\u0131. AG\u0130T Bas\u0131n \u00d6zg\u00fcrl\u00fc\u011f\u00fc \u00d6rg\u00fct\u00fc\u2019n\u00fcn K\u0131br\u0131s T\u00fcrk Gazeteciler Birli\u011fi, Bas\u0131n Emek\u00e7ileri Sendikas\u0131 ve K\u0131br\u0131s Gazeteciler Sendikas\u0131 ortakl\u0131\u011f\u0131nda y\u00fcr\u00fctt\u00fc\u011f\u00fc Diyalog Projesi kapsam\u0131ndaki De\u011fi\u015fim Program\u0131, bu y\u0131l, 14 kat\u0131l\u0131mc\u0131 ile devam etti. Program \u00e7er\u00e7evesinde K\u0131br\u0131sl\u0131 T\u00fcrk ve Rum medya \u00e7al\u0131\u015fanlar\u0131, farkl\u0131<\/p>\n\t\t\t<\/div>\n\n\t\t\t\t\t\t\t\t\t\t\t\t\n\t\t\t\t\t\t\t\t\t\t\t<div class=\"bdt-post-grid-meta bdt-subnav bdt-flex-middle bdt-margin-small-top bdt-padding-remove-horizontal\">\n\t\t\t\t\t\t\t\t\t\t\t\t\t\t<span class=\"bdt-post-grid-date\">1 Aral\u0131k 2019<\/span>\t\t\t\t\t\t\t\t\t\t\t\t\t\t\t\t\t\t\t\t<\/div>\n\t\t\t\t\t\t\t\t\t<\/div>\n\n\t\t\t<\/div>\n\t\t\t  \t\t\t\n\t  \t\t\t\n\t\t\t\t\t\t<div class=\"bdt-post-grid-item bdt-transition-toggle bdt-position-relative bdt-grid bdt-grid-collapse\" data-bdt-grid=\"\">\n\n\t\t\t\t<div class=\"bdt-position-relative bdt-width-auto@s bdt-pg-alter-image\">\n\t\t\t\t\t<div class=\"bdt-post-grid-img-wrap bdt-overflow-hidden\">\n\t\t\t\t<a href=\"https:\/\/gazetecilerbirligi.com\/?p=2210\" class=\"bdt-transition-scale-up bdt-background-cover bdt-transition-opaque bdt-flex\" title=\"GAZETEC\u0130L\u0130K DE\u011e\u0130\u015e\u0130M PROGRAMI &#8211; DERYA B\u00d6KEYHAN\" style=\"background-image: url(https:\/\/gazetecilerbirligi.com\/wp-content\/uploads\/2020\/04\/DERYA-B\u00d6KEYHAN-FOTO-2-1.jpg)\">\n  \t\t\t\t<\/a>\n\t\t\t<\/div>\t\t\t\t\t\t\t\t\t<\/div>\n\n\t\t  \t\t<div class=\"bdt-post-grid-desc bdt-width-expand@s bdt-padding bdt-flex-first@s bdt-alter\">\n\t\t\t\t\t<h2 class=\"bdt-post-grid-title bdt-post-grid-title bdt-post-grid-title bdt-post-grid-title\" >\n\t\t\t\t<a href=\"https:\/\/gazetecilerbirligi.com\/?p=2210\" class=\"bdt-post-grid-link\" title=\"GAZETEC\u0130L\u0130K DE\u011e\u0130\u015e\u0130M PROGRAMI &#8211; DERYA B\u00d6KEYHAN\">\n\t\t\t\t\tGAZETEC\u0130L\u0130K DE\u011e\u0130\u015e\u0130M PROGRAMI &#8211; DERYA B\u00d6KEYHAN\n\t\t\t\t<\/a>\n\t\t\t<\/h2>\n\t\t\t\t\t\t\t\t<div class=\"bdt-post-grid-excerpt\">\n\t\t\t<p>Y\u00dcR\u00dcNECEK \u00c7OK YOLUMUZ VAR! Ben BRT Muhabiri Derya B\u00f6keyhan. Gazetecilik de\u011fi\u015fim program\u0131 \u00e7er\u00e7evesinde 4-8 Kas\u0131m tarihleri aras\u0131nda PIK1\u2019de t\u00fcrk\u00e7e radyo b\u00f6l\u00fcm\u00fcne giderek oradaki arkada\u015flar\u0131n deneyimlerini izleme f\u0131rsat\u0131 buldum. Bu be\u015f g\u00fcnl\u00fck d\u00f6nemde herhangi bir habere gitmesem de, oradaki arkada\u015falar\u0131n \u00e7al\u0131\u015fma ko\u015fullar\u0131n\u0131 g\u00f6rd\u00fcm ve yeni insanlar tan\u0131d\u0131m yeni dostluklar yeni emektarlar<\/p>\n\t\t\t<\/div>\n\n\t\t\t\t\t\t\t\t\t\t\t\t\n\t\t\t\t\t\t\t\t\t\t\t<div class=\"bdt-post-grid-meta bdt-subnav bdt-flex-middle bdt-margin-small-top bdt-padding-remove-horizontal\">\n\t\t\t\t\t\t\t\t\t\t\t\t\t\t<span class=\"bdt-post-grid-date\">1 Aral\u0131k 2019<\/span>\t\t\t\t\t\t\t\t\t\t\t\t\t\t\t\t\t\t\t\t<\/div>\n\t\t\t\t\t\t\t\t\t<\/div>\n\n\t\t\t<\/div>\n\t\t\t  \t\t\t\n\t  \t\t\t\n\t\t\t\t\t<\/div>\t\n \t\t\t\t<\/div>\n\t\t\t\t<\/div>\n\t\t\t\t\t\t<\/div>\n\t\t\t\t\t<\/div>\n\t\t<\/div>\n\t\t\t\t\t\t\t\t<\/div>\n\t\t\t\t\t<\/div>\n\t\t<\/section>\n\t\t\t\t\t\t<\/div>\n\t\t\t\t\t\t<\/div>\n\t\t\t\t\t<\/div>\n\t\t","protected":false},"excerpt":{"rendered":"<p>K\u0131br\u0131s&#8217;\u0131n iki yakas\u0131ndaki gazeteciler, Avrupa G\u00fcvenlik ve \u0130\u015fbirli\u011fi Te\u015fkilat\u0131 &#8211; AG\u0130T \u00f6nderli\u011finde ge\u00e7ti\u011fimiz y\u0131l d\u00fczenlenen de\u011fi\u015fim program\u0131n\u0131 yineliyor. Bas\u0131n Emek\u00e7ileri Sendikas\u0131, K\u0131br\u0131s T\u00fcrk Gazeteciler Birli\u011fi ve<span class=\"excerpt-hellip\"> [\u2026]<\/span><\/p>\n","protected":false},"author":2,"featured_media":0,"parent":0,"menu_order":0,"comment_status":"closed","ping_status":"closed","template":"","meta":{"footnotes":""},"_links":{"self":[{"href":"https:\/\/gazetecilerbirligi.com\/index.php?rest_route=\/wp\/v2\/pages\/934"}],"collection":[{"href":"https:\/\/gazetecilerbirligi.com\/index.php?rest_route=\/wp\/v2\/pages"}],"about":[{"href":"https:\/\/gazetecilerbirligi.com\/index.php?rest_route=\/wp\/v2\/types\/page"}],"author":[{"embeddable":true,"href":"https:\/\/gazetecilerbirligi.com\/index.php?rest_route=\/wp\/v2\/users\/2"}],"replies":[{"embeddable":true,"href":"https:\/\/gazetecilerbirligi.com\/index.php?rest_route=%2Fwp%2Fv2%2Fcomments&post=934"}],"version-history":[{"count":0,"href":"https:\/\/gazetecilerbirligi.com\/index.php?rest_route=\/wp\/v2\/pages\/934\/revisions"}],"wp:attachment":[{"href":"https:\/\/gazetecilerbirligi.com\/index.php?rest_route=%2Fwp%2Fv2%2Fmedia&parent=934"}],"curies":[{"name":"wp","href":"https:\/\/api.w.org\/{rel}","templated":true}]}}