{"id":529,"date":"2019-06-27T15:07:22","date_gmt":"2019-06-27T12:07:22","guid":{"rendered":"http:\/\/ktgb.test:5000\/?page_id=529"},"modified":"2019-08-01T10:45:59","modified_gmt":"2019-08-01T07:45:59","slug":"foto-galeri","status":"publish","type":"page","link":"https:\/\/gazetecilerbirligi.com\/?page_id=529","title":{"rendered":"Foto Galeri"},"content":{"rendered":"\t\t<div data-elementor-type=\"wp-post\" data-elementor-id=\"529\" class=\"elementor elementor-529\" data-elementor-settings=\"[]\">\n\t\t\t\t\t\t<div class=\"elementor-inner\">\n\t\t\t\t\t\t\t<div class=\"elementor-section-wrap\">\n\t\t\t\t\t\t\t<section class=\"elementor-section elementor-top-section elementor-element elementor-element-d7e3e4f elementor-section-boxed elementor-section-height-default elementor-section-height-default\" data-id=\"d7e3e4f\" data-element_type=\"section\">\n\t\t\t\t\t\t<div class=\"elementor-container elementor-column-gap-default\">\n\t\t\t\t\t\t\t<div class=\"elementor-row\">\n\t\t\t\t\t<div class=\"elementor-column elementor-col-100 elementor-top-column elementor-element elementor-element-b96c173\" data-id=\"b96c173\" data-element_type=\"column\">\n\t\t\t<div class=\"elementor-column-wrap elementor-element-populated\">\n\t\t\t\t\t\t\t<div class=\"elementor-widget-wrap\">\n\t\t\t\t\t\t<div class=\"elementor-element elementor-element-8b31327 elementor-widget elementor-widget-shortcode\" data-id=\"8b31327\" data-element_type=\"widget\" data-widget_type=\"shortcode.default\">\n\t\t\t\t<div class=\"elementor-widget-container\">\n\t\t\t\t\t<div class=\"elementor-shortcode\"><style type=\"text\/css\">.foogallery-album-gallery-list .foogallery-pile h3 { background: rgb(29, 42, 58) !important; }.foogallery-album-gallery-list .foogallery-pile h3 { color: rgb(255, 255, 255) !important; }<\/style><div id=\"foogallery-album-528\">\r\n\t<ul class=\"foogallery-album-gallery-list alignment-center\">\r\n\t\t\t\t\t\t<li>\r\n\t\t\t\t\t<div class=\"foogallery-pile\">\r\n\t\t\t\t\t\t<div class=\"foogallery-pile-inner\">\r\n\t\t\t\t\t\t\t<a href=\"\/index.php?rest_route=%2Fwp%2Fv2%2Fpages%2F529&#038;galeri=ktgb-yilbasi-balosu-2020#foto-galeri\" target=\"_self\">\r\n\t\t\t\t\t\t\t\t<img decoding=\"async\" loading=\"lazy\"  src=\"https:\/\/gazetecilerbirligi.com\/wp-content\/uploads\/cache\/2020\/02\/79414138_10157347873968884_5095438857969598464_o\/63165443.jpg\" width=\"300\" height=\"300\" class=\"skip-lazy\" \/>\t\t\t\t\t\t\t\t\t\t\t\t\t\t\t\t<h3>KTGB Y\u0131lba\u015f\u0131 Balosu - 2020\t\t\t\t\t\t\t\t\t<span>31 foto\u011fraf<\/span>\r\n\t\t\t\t\t\t\t\t<\/h3>\r\n\t\t\t\t\t\t\t<\/a>\r\n\t\t\t\t\t\t<\/div>\r\n\t\t\t\t\t<\/div>\r\n\t\t\t\t<\/li>\r\n\t\t\t\t\t\t\t\t\t<li>\r\n\t\t\t\t\t<div class=\"foogallery-pile\">\r\n\t\t\t\t\t\t<div class=\"foogallery-pile-inner\">\r\n\t\t\t\t\t\t\t<a href=\"\/index.php?rest_route=%2Fwp%2Fv2%2Fpages%2F529&#038;galeri=ktgb-fotograf-arsivi#foto-galeri\" target=\"_self\">\r\n\t\t\t\t\t\t\t\t<img decoding=\"async\" loading=\"lazy\"  src=\"https:\/\/gazetecilerbirligi.com\/wp-content\/uploads\/cache\/2019\/09\/DSCN0463\/3681022504.jpg\" width=\"300\" height=\"300\" class=\"skip-lazy\" \/>\t\t\t\t\t\t\t\t\t\t\t\t\t\t\t\t<h3>KTGB FOTO\u011eRAF AR\u015e\u0130V\u0130\t\t\t\t\t\t\t\t\t<span>16 foto\u011fraf<\/span>\r\n\t\t\t\t\t\t\t\t<\/h3>\r\n\t\t\t\t\t\t\t<\/a>\r\n\t\t\t\t\t\t<\/div>\r\n\t\t\t\t\t<\/div>\r\n\t\t\t\t<\/li>\r\n\t\t\t\t\t\t\t\t\t<li>\r\n\t\t\t\t\t<div class=\"foogallery-pile\">\r\n\t\t\t\t\t\t<div class=\"foogallery-pile-inner\">\r\n\t\t\t\t\t\t\t<a href=\"\/index.php?rest_route=%2Fwp%2Fv2%2Fpages%2F529&#038;galeri=ktgb-basinin-sesi-gazetesi-arsiv#foto-galeri\" target=\"_self\">\r\n\t\t\t\t\t\t\t\t<img decoding=\"async\" loading=\"lazy\"  src=\"https:\/\/gazetecilerbirligi.com\/wp-content\/uploads\/cache\/2019\/09\/183A7027\/4175653027.jpg\" width=\"300\" height=\"300\" class=\"skip-lazy\" \/>\t\t\t\t\t\t\t\t\t\t\t\t\t\t\t\t<h3>KTGB BASININ SES\u0130 GAZETES\u0130 AR\u015e\u0130V\t\t\t\t\t\t\t\t\t<span>12 foto\u011fraf<\/span>\r\n\t\t\t\t\t\t\t\t<\/h3>\r\n\t\t\t\t\t\t\t<\/a>\r\n\t\t\t\t\t\t<\/div>\r\n\t\t\t\t\t<\/div>\r\n\t\t\t\t<\/li>\r\n\t\t\t\t\t\t\t\t\t<li>\r\n\t\t\t\t\t<div class=\"foogallery-pile\">\r\n\t\t\t\t\t\t<div class=\"foogallery-pile-inner\">\r\n\t\t\t\t\t\t\t<a href=\"\/index.php?rest_route=%2Fwp%2Fv2%2Fpages%2F529&#038;galeri=avrupa-irkciliga-karsi-eylem-haftasi-etkinligi#foto-galeri\" target=\"_self\">\r\n\t\t\t\t\t\t\t\t<img decoding=\"async\" loading=\"lazy\"  src=\"https:\/\/gazetecilerbirligi.com\/wp-content\/uploads\/cache\/2019\/06\/54433501_982835142106787_4687257350979977216_n\/264247122.jpg\" width=\"300\" height=\"300\" class=\"skip-lazy\" \/>\t\t\t\t\t\t\t\t\t\t\t\t\t\t\t\t<h3>Avrupa Irk\u00e7\u0131l\u0131\u011fa Kar\u015f\u0131 Eylem Haftas\u0131\t\t\t\t\t\t\t\t\t<span>4 foto\u011fraf<\/span>\r\n\t\t\t\t\t\t\t\t<\/h3>\r\n\t\t\t\t\t\t\t<\/a>\r\n\t\t\t\t\t\t<\/div>\r\n\t\t\t\t\t<\/div>\r\n\t\t\t\t<\/li>\r\n\t\t\t\t\t\t\t\t\t<li>\r\n\t\t\t\t\t<div class=\"foogallery-pile\">\r\n\t\t\t\t\t\t<div class=\"foogallery-pile-inner\">\r\n\t\t\t\t\t\t\t<a href=\"\/index.php?rest_route=%2Fwp%2Fv2%2Fpages%2F529&#038;galeri=ab-gunu-etkinligi#foto-galeri\" target=\"_self\">\r\n\t\t\t\t\t\t\t\t<img decoding=\"async\" loading=\"lazy\"  src=\"https:\/\/gazetecilerbirligi.com\/wp-content\/uploads\/cache\/2019\/06\/IMG_4340\/3891216048.jpg\" width=\"300\" height=\"300\" class=\"skip-lazy\" \/>\t\t\t\t\t\t\t\t\t\t\t\t\t\t\t\t<h3>AB G\u00fcn\u00fc\t\t\t\t\t\t\t\t\t<span>4 foto\u011fraf<\/span>\r\n\t\t\t\t\t\t\t\t<\/h3>\r\n\t\t\t\t\t\t\t<\/a>\r\n\t\t\t\t\t\t<\/div>\r\n\t\t\t\t\t<\/div>\r\n\t\t\t\t<\/li>\r\n\t\t\t\t\t\t\t\t\t<li>\r\n\t\t\t\t\t<div class=\"foogallery-pile\">\r\n\t\t\t\t\t\t<div class=\"foogallery-pile-inner\">\r\n\t\t\t\t\t\t\t<a href=\"\/index.php?rest_route=%2Fwp%2Fv2%2Fpages%2F529&#038;galeri=2019-dunya-multeciler-gunu-etkinligi#foto-galeri\" target=\"_self\">\r\n\t\t\t\t\t\t\t\t<img decoding=\"async\" loading=\"lazy\"  src=\"https:\/\/gazetecilerbirligi.com\/wp-content\/uploads\/cache\/2019\/06\/IMG_0171\/3084409063.jpg\" width=\"300\" height=\"300\" class=\"skip-lazy\" \/>\t\t\t\t\t\t\t\t\t\t\t\t\t\t\t\t<h3>2019 D\u00fcnya M\u00fclteciler G\u00fcn\u00fc\t\t\t\t\t\t\t\t\t<span>9 foto\u011fraf<\/span>\r\n\t\t\t\t\t\t\t\t<\/h3>\r\n\t\t\t\t\t\t\t<\/a>\r\n\t\t\t\t\t\t<\/div>\r\n\t\t\t\t\t<\/div>\r\n\t\t\t\t<\/li>\r\n\t\t\t\t\t\t<\/ul>\r\n\t<div style=\"clear: both;\"><\/div>\r\n<\/div>\r\n<\/div>\n\t\t\t\t<\/div>\n\t\t\t\t<\/div>\n\t\t\t\t\t\t<\/div>\n\t\t\t\t\t<\/div>\n\t\t<\/div>\n\t\t\t\t\t\t\t\t<\/div>\n\t\t\t\t\t<\/div>\n\t\t<\/section>\n\t\t\t\t\t\t<\/div>\n\t\t\t\t\t\t<\/div>\n\t\t\t\t\t<\/div>\n\t\t","protected":false},"excerpt":{"rendered":"KTGB Y\u0131lba\u015f\u0131 Balosu - 2020 31 foto\u011fraf KTGB FOTO\u011eRAF AR\u015e\u0130V\u0130 16 foto\u011fraf KTGB BASININ SES\u0130 GAZETES\u0130 AR\u015e\u0130V 12 foto\u011fraf Avrupa Irk\u00e7\u0131l\u0131\u011fa Kar\u015f\u0131 Eylem Haftas\u0131 4 foto\u011fraf<span class=\"excerpt-hellip\"> [\u2026]<\/span>","protected":false},"author":2,"featured_media":0,"parent":0,"menu_order":0,"comment_status":"closed","ping_status":"closed","template":"","meta":{"footnotes":""},"_links":{"self":[{"href":"https:\/\/gazetecilerbirligi.com\/index.php?rest_route=\/wp\/v2\/pages\/529"}],"collection":[{"href":"https:\/\/gazetecilerbirligi.com\/index.php?rest_route=\/wp\/v2\/pages"}],"about":[{"href":"https:\/\/gazetecilerbirligi.com\/index.php?rest_route=\/wp\/v2\/types\/page"}],"author":[{"embeddable":true,"href":"https:\/\/gazetecilerbirligi.com\/index.php?rest_route=\/wp\/v2\/users\/2"}],"replies":[{"embeddable":true,"href":"https:\/\/gazetecilerbirligi.com\/index.php?rest_route=%2Fwp%2Fv2%2Fcomments&post=529"}],"version-history":[{"count":0,"href":"https:\/\/gazetecilerbirligi.com\/index.php?rest_route=\/wp\/v2\/pages\/529\/revisions"}],"wp:attachment":[{"href":"https:\/\/gazetecilerbirligi.com\/index.php?rest_route=%2Fwp%2Fv2%2Fmedia&parent=529"}],"curies":[{"name":"wp","href":"https:\/\/api.w.org\/{rel}","templated":true}]}}