{"id":3390,"date":"2022-11-18T11:26:55","date_gmt":"2022-11-18T08:26:55","guid":{"rendered":"https:\/\/gazetecilerbirligi.com\/?page_id=3390"},"modified":"2023-09-10T09:01:21","modified_gmt":"2023-09-10T07:01:21","slug":"raporlar","status":"publish","type":"page","link":"https:\/\/gazetecilerbirligi.com\/?page_id=3390","title":{"rendered":"Raporlar"},"content":{"rendered":"\t\t<div data-elementor-type=\"wp-post\" data-elementor-id=\"3390\" class=\"elementor elementor-3390\" data-elementor-settings=\"[]\">\n\t\t\t\t\t\t<div class=\"elementor-inner\">\n\t\t\t\t\t\t\t<div class=\"elementor-section-wrap\">\n\t\t\t\t\t\t\t<section class=\"elementor-section elementor-top-section elementor-element elementor-element-82f9d82 elementor-section-content-top elementor-section-boxed elementor-section-height-default elementor-section-height-default\" data-id=\"82f9d82\" data-element_type=\"section\">\n\t\t\t\t\t\t<div class=\"elementor-container elementor-column-gap-wider\">\n\t\t\t\t\t\t\t<div class=\"elementor-row\">\n\t\t\t\t\t<div class=\"elementor-column elementor-col-16 elementor-top-column elementor-element elementor-element-ced0194\" data-id=\"ced0194\" data-element_type=\"column\">\n\t\t\t<div class=\"elementor-column-wrap elementor-element-populated\">\n\t\t\t\t\t\t\t<div class=\"elementor-widget-wrap\">\n\t\t\t\t\t\t<div class=\"elementor-element elementor-element-d4d1a93 elementor-widget elementor-widget-image\" data-id=\"d4d1a93\" data-element_type=\"widget\" data-widget_type=\"image.default\">\n\t\t\t\t<div class=\"elementor-widget-container\">\n\t\t\t\t\t<div class=\"elementor-image\">\n\t\t\t\t\t\t\t<figure class=\"wp-caption\">\n\t\t\t\t\t\t\t\t\t\t\t<a href=\"https:\/\/gazetecilerbirligi.com\/wp-content\/uploads\/2022\/11\/covid19_rapor.pdf\" target=\"_blank\">\n\t\t\t\t\t\t\t<img loading=\"lazy\" width=\"680\" height=\"962\" src=\"https:\/\/gazetecilerbirligi.com\/wp-content\/uploads\/2022\/11\/covid19rapor.png\" class=\"attachment-full size-full\" alt=\"\" decoding=\"async\" srcset=\"https:\/\/gazetecilerbirligi.com\/wp-content\/uploads\/2022\/11\/covid19rapor.png 680w, https:\/\/gazetecilerbirligi.com\/wp-content\/uploads\/2022\/11\/covid19rapor-103x146.png 103w, https:\/\/gazetecilerbirligi.com\/wp-content\/uploads\/2022\/11\/covid19rapor-35x50.png 35w, https:\/\/gazetecilerbirligi.com\/wp-content\/uploads\/2022\/11\/covid19rapor-53x75.png 53w\" sizes=\"(max-width: 680px) 100vw, 680px\" \/>\t\t\t\t\t\t\t\t<\/a>\n\t\t\t\t\t\t\t\t\t\t\t<figcaption class=\"widget-image-caption wp-caption-text\">Covid-19\u2019un K\u0131br\u0131s T\u00fcrk Bas\u0131n\u0131 \u00dczerindeki Etkileri Raporu<\/figcaption>\n\t\t\t\t\t\t\t\t\t\t<\/figure>\n\t\t\t\t\t<\/div>\n\t\t\t\t<\/div>\n\t\t\t\t<\/div>\n\t\t\t\t\t\t<\/div>\n\t\t\t\t\t<\/div>\n\t\t<\/div>\n\t\t\t\t<div class=\"elementor-column elementor-col-16 elementor-top-column elementor-element elementor-element-f26d0e3\" data-id=\"f26d0e3\" data-element_type=\"column\">\n\t\t\t<div class=\"elementor-column-wrap elementor-element-populated\">\n\t\t\t\t\t\t\t<div class=\"elementor-widget-wrap\">\n\t\t\t\t\t\t<div class=\"elementor-element elementor-element-fdddcb5 elementor-widget elementor-widget-image\" data-id=\"fdddcb5\" data-element_type=\"widget\" data-widget_type=\"image.default\">\n\t\t\t\t<div class=\"elementor-widget-container\">\n\t\t\t\t\t<div class=\"elementor-image\">\n\t\t\t\t\t\t\t<figure class=\"wp-caption\">\n\t\t\t\t\t\t\t\t\t\t\t<a href=\"https:\/\/gazetecilerbirligi.com\/wp-content\/uploads\/2022\/11\/KTGB-Etik-Gazetecilik-ve-Oz-Denetim-Raporu.pdf\" target=\"_blank\">\n\t\t\t\t\t\t\t<img loading=\"lazy\" width=\"680\" height=\"961\" src=\"https:\/\/gazetecilerbirligi.com\/wp-content\/uploads\/2022\/11\/etikraporu.png\" class=\"attachment-full size-full\" alt=\"\" decoding=\"async\" srcset=\"https:\/\/gazetecilerbirligi.com\/wp-content\/uploads\/2022\/11\/etikraporu.png 680w, https:\/\/gazetecilerbirligi.com\/wp-content\/uploads\/2022\/11\/etikraporu-103x146.png 103w, https:\/\/gazetecilerbirligi.com\/wp-content\/uploads\/2022\/11\/etikraporu-35x50.png 35w, https:\/\/gazetecilerbirligi.com\/wp-content\/uploads\/2022\/11\/etikraporu-53x75.png 53w\" sizes=\"(max-width: 680px) 100vw, 680px\" \/>\t\t\t\t\t\t\t\t<\/a>\n\t\t\t\t\t\t\t\t\t\t\t<figcaption class=\"widget-image-caption wp-caption-text\">KTGB Etik Gazetecilik ve \u00d6z Denetim Raporu<\/figcaption>\n\t\t\t\t\t\t\t\t\t\t<\/figure>\n\t\t\t\t\t<\/div>\n\t\t\t\t<\/div>\n\t\t\t\t<\/div>\n\t\t\t\t\t\t<\/div>\n\t\t\t\t\t<\/div>\n\t\t<\/div>\n\t\t\t\t<div class=\"elementor-column elementor-col-16 elementor-top-column elementor-element elementor-element-a9db3e0\" data-id=\"a9db3e0\" data-element_type=\"column\">\n\t\t\t<div class=\"elementor-column-wrap elementor-element-populated\">\n\t\t\t\t\t\t\t<div class=\"elementor-widget-wrap\">\n\t\t\t\t\t\t<div class=\"elementor-element elementor-element-208d0a9 elementor-widget elementor-widget-image\" data-id=\"208d0a9\" data-element_type=\"widget\" data-widget_type=\"image.default\">\n\t\t\t\t<div class=\"elementor-widget-container\">\n\t\t\t\t\t<div class=\"elementor-image\">\n\t\t\t\t\t\t\t<figure class=\"wp-caption\">\n\t\t\t\t\t\t\t\t\t\t\t<a href=\"https:\/\/gazetecilerbirligi.com\/wp-content\/uploads\/2022\/11\/KTGB-Medya-Mensuplari-Calisma-Standartlari.pdf\" target=\"_blank\">\n\t\t\t\t\t\t\t<img loading=\"lazy\" width=\"682\" height=\"961\" src=\"https:\/\/gazetecilerbirligi.com\/wp-content\/uploads\/2022\/11\/calismastandardlariraporu.png\" class=\"attachment-full size-full\" alt=\"\" decoding=\"async\" srcset=\"https:\/\/gazetecilerbirligi.com\/wp-content\/uploads\/2022\/11\/calismastandardlariraporu.png 682w, https:\/\/gazetecilerbirligi.com\/wp-content\/uploads\/2022\/11\/calismastandardlariraporu-104x146.png 104w, https:\/\/gazetecilerbirligi.com\/wp-content\/uploads\/2022\/11\/calismastandardlariraporu-35x50.png 35w, https:\/\/gazetecilerbirligi.com\/wp-content\/uploads\/2022\/11\/calismastandardlariraporu-53x75.png 53w\" sizes=\"(max-width: 682px) 100vw, 682px\" \/>\t\t\t\t\t\t\t\t<\/a>\n\t\t\t\t\t\t\t\t\t\t\t<figcaption class=\"widget-image-caption wp-caption-text\">KTGB Medya Mensuplar\u0131 \u00c7al\u0131\u015fma Standartlar\u0131<\/figcaption>\n\t\t\t\t\t\t\t\t\t\t<\/figure>\n\t\t\t\t\t<\/div>\n\t\t\t\t<\/div>\n\t\t\t\t<\/div>\n\t\t\t\t\t\t<\/div>\n\t\t\t\t\t<\/div>\n\t\t<\/div>\n\t\t\t\t<div class=\"elementor-column elementor-col-16 elementor-top-column elementor-element elementor-element-a40fb47\" data-id=\"a40fb47\" data-element_type=\"column\">\n\t\t\t<div class=\"elementor-column-wrap\">\n\t\t\t\t\t\t\t<div class=\"elementor-widget-wrap\">\n\t\t\t\t\t\t\t\t<\/div>\n\t\t\t\t\t<\/div>\n\t\t<\/div>\n\t\t\t\t<div class=\"elementor-column elementor-col-16 elementor-top-column elementor-element elementor-element-388875d\" data-id=\"388875d\" data-element_type=\"column\">\n\t\t\t<div class=\"elementor-column-wrap\">\n\t\t\t\t\t\t\t<div class=\"elementor-widget-wrap\">\n\t\t\t\t\t\t\t\t<\/div>\n\t\t\t\t\t<\/div>\n\t\t<\/div>\n\t\t\t\t<div class=\"elementor-column elementor-col-16 elementor-top-column elementor-element elementor-element-87ad32d\" data-id=\"87ad32d\" data-element_type=\"column\">\n\t\t\t<div class=\"elementor-column-wrap\">\n\t\t\t\t\t\t\t<div class=\"elementor-widget-wrap\">\n\t\t\t\t\t\t\t\t<\/div>\n\t\t\t\t\t<\/div>\n\t\t<\/div>\n\t\t\t\t\t\t\t\t<\/div>\n\t\t\t\t\t<\/div>\n\t\t<\/section>\n\t\t\t\t\t\t<\/div>\n\t\t\t\t\t\t<\/div>\n\t\t\t\t\t<\/div>\n\t\t","protected":false},"excerpt":{"rendered":"<p>Covid-19\u2019un K\u0131br\u0131s T\u00fcrk Bas\u0131n\u0131 \u00dczerindeki Etkileri Raporu KTGB Etik Gazetecilik ve \u00d6z Denetim Raporu KTGB Medya Mensuplar\u0131 \u00c7al\u0131\u015fma Standartlar\u0131<\/p>\n","protected":false},"author":2,"featured_media":0,"parent":0,"menu_order":0,"comment_status":"closed","ping_status":"closed","template":"","meta":{"footnotes":""},"_links":{"self":[{"href":"https:\/\/gazetecilerbirligi.com\/index.php?rest_route=\/wp\/v2\/pages\/3390"}],"collection":[{"href":"https:\/\/gazetecilerbirligi.com\/index.php?rest_route=\/wp\/v2\/pages"}],"about":[{"href":"https:\/\/gazetecilerbirligi.com\/index.php?rest_route=\/wp\/v2\/types\/page"}],"author":[{"embeddable":true,"href":"https:\/\/gazetecilerbirligi.com\/index.php?rest_route=\/wp\/v2\/users\/2"}],"replies":[{"embeddable":true,"href":"https:\/\/gazetecilerbirligi.com\/index.php?rest_route=%2Fwp%2Fv2%2Fcomments&post=3390"}],"version-history":[{"count":2,"href":"https:\/\/gazetecilerbirligi.com\/index.php?rest_route=\/wp\/v2\/pages\/3390\/revisions"}],"predecessor-version":[{"id":3604,"href":"https:\/\/gazetecilerbirligi.com\/index.php?rest_route=\/wp\/v2\/pages\/3390\/revisions\/3604"}],"wp:attachment":[{"href":"https:\/\/gazetecilerbirligi.com\/index.php?rest_route=%2Fwp%2Fv2%2Fmedia&parent=3390"}],"curies":[{"name":"wp","href":"https:\/\/api.w.org\/{rel}","templated":true}]}}