{"id":3372,"date":"2022-11-18T11:08:01","date_gmt":"2022-11-18T08:08:01","guid":{"rendered":"https:\/\/gazetecilerbirligi.com\/?page_id=3372"},"modified":"2023-09-10T08:59:57","modified_gmt":"2023-09-10T06:59:57","slug":"medya-stratejisi","status":"publish","type":"page","link":"https:\/\/gazetecilerbirligi.com\/?page_id=3372","title":{"rendered":"Medya Stratejisi"},"content":{"rendered":"\t\t<div data-elementor-type=\"wp-post\" data-elementor-id=\"3372\" class=\"elementor elementor-3372\" data-elementor-settings=\"[]\">\n\t\t\t\t\t\t<div class=\"elementor-inner\">\n\t\t\t\t\t\t\t<div class=\"elementor-section-wrap\">\n\t\t\t\t\t\t\t<section class=\"elementor-section elementor-top-section elementor-element elementor-element-82f9d82 elementor-section-content-top elementor-section-boxed elementor-section-height-default elementor-section-height-default\" data-id=\"82f9d82\" data-element_type=\"section\">\n\t\t\t\t\t\t<div class=\"elementor-container elementor-column-gap-wider\">\n\t\t\t\t\t\t\t<div class=\"elementor-row\">\n\t\t\t\t\t<div class=\"elementor-column elementor-col-16 elementor-top-column elementor-element elementor-element-ced0194\" data-id=\"ced0194\" data-element_type=\"column\">\n\t\t\t<div class=\"elementor-column-wrap elementor-element-populated\">\n\t\t\t\t\t\t\t<div class=\"elementor-widget-wrap\">\n\t\t\t\t\t\t<div class=\"elementor-element elementor-element-d4d1a93 elementor-widget elementor-widget-image\" data-id=\"d4d1a93\" data-element_type=\"widget\" data-widget_type=\"image.default\">\n\t\t\t\t<div class=\"elementor-widget-container\">\n\t\t\t\t\t<div class=\"elementor-image\">\n\t\t\t\t\t\t\t<figure class=\"wp-caption\">\n\t\t\t\t\t\t\t\t\t\t\t<a href=\"https:\/\/gazetecilerbirligi.com\/wp-content\/uploads\/2022\/11\/uzun_vadeli_medya_strateji_raporu_tr.pdf\" target=\"_blank\">\n\t\t\t\t\t\t\t<img loading=\"lazy\" width=\"682\" height=\"963\" src=\"https:\/\/gazetecilerbirligi.com\/wp-content\/uploads\/2022\/11\/medya_stratejisi_kapak_tr.png\" class=\"attachment-full size-full\" alt=\"\" decoding=\"async\" srcset=\"https:\/\/gazetecilerbirligi.com\/wp-content\/uploads\/2022\/11\/medya_stratejisi_kapak_tr.png 682w, https:\/\/gazetecilerbirligi.com\/wp-content\/uploads\/2022\/11\/medya_stratejisi_kapak_tr-103x146.png 103w, https:\/\/gazetecilerbirligi.com\/wp-content\/uploads\/2022\/11\/medya_stratejisi_kapak_tr-35x50.png 35w, https:\/\/gazetecilerbirligi.com\/wp-content\/uploads\/2022\/11\/medya_stratejisi_kapak_tr-53x75.png 53w\" sizes=\"(max-width: 682px) 100vw, 682px\" \/>\t\t\t\t\t\t\t\t<\/a>\n\t\t\t\t\t\t\t\t\t\t\t<figcaption class=\"widget-image-caption wp-caption-text\">K\u0131br\u0131s T\u00fcrk Medyas\u0131 \u0130\u00e7in Uzun Vadeli Sekt\u00f6r Stratejisi<\/figcaption>\n\t\t\t\t\t\t\t\t\t\t<\/figure>\n\t\t\t\t\t<\/div>\n\t\t\t\t<\/div>\n\t\t\t\t<\/div>\n\t\t\t\t\t\t<\/div>\n\t\t\t\t\t<\/div>\n\t\t<\/div>\n\t\t\t\t<div class=\"elementor-column elementor-col-16 elementor-top-column elementor-element elementor-element-f26d0e3\" data-id=\"f26d0e3\" data-element_type=\"column\">\n\t\t\t<div class=\"elementor-column-wrap elementor-element-populated\">\n\t\t\t\t\t\t\t<div class=\"elementor-widget-wrap\">\n\t\t\t\t\t\t<div class=\"elementor-element elementor-element-fdddcb5 elementor-widget elementor-widget-image\" data-id=\"fdddcb5\" data-element_type=\"widget\" data-widget_type=\"image.default\">\n\t\t\t\t<div class=\"elementor-widget-container\">\n\t\t\t\t\t<div class=\"elementor-image\">\n\t\t\t\t\t\t\t<figure class=\"wp-caption\">\n\t\t\t\t\t\t\t\t\t\t\t<a href=\"https:\/\/gazetecilerbirligi.com\/wp-content\/uploads\/2022\/11\/uzun_vadeli_medya_strateji_raporu_en.pdf\" target=\"_blank\">\n\t\t\t\t\t\t\t<img loading=\"lazy\" width=\"678\" height=\"962\" src=\"https:\/\/gazetecilerbirligi.com\/wp-content\/uploads\/2022\/11\/medya_stratejisi_kapak_en.png\" class=\"attachment-full size-full\" alt=\"\" decoding=\"async\" srcset=\"https:\/\/gazetecilerbirligi.com\/wp-content\/uploads\/2022\/11\/medya_stratejisi_kapak_en.png 678w, https:\/\/gazetecilerbirligi.com\/wp-content\/uploads\/2022\/11\/medya_stratejisi_kapak_en-103x146.png 103w, https:\/\/gazetecilerbirligi.com\/wp-content\/uploads\/2022\/11\/medya_stratejisi_kapak_en-35x50.png 35w, https:\/\/gazetecilerbirligi.com\/wp-content\/uploads\/2022\/11\/medya_stratejisi_kapak_en-53x75.png 53w\" sizes=\"(max-width: 678px) 100vw, 678px\" \/>\t\t\t\t\t\t\t\t<\/a>\n\t\t\t\t\t\t\t\t\t\t\t<figcaption class=\"widget-image-caption wp-caption-text\">Long-Term Sectoral Strategy for Turkish Cypriot Media<\/figcaption>\n\t\t\t\t\t\t\t\t\t\t<\/figure>\n\t\t\t\t\t<\/div>\n\t\t\t\t<\/div>\n\t\t\t\t<\/div>\n\t\t\t\t\t\t<\/div>\n\t\t\t\t\t<\/div>\n\t\t<\/div>\n\t\t\t\t<div class=\"elementor-column elementor-col-16 elementor-top-column elementor-element elementor-element-a9db3e0\" data-id=\"a9db3e0\" data-element_type=\"column\">\n\t\t\t<div class=\"elementor-column-wrap\">\n\t\t\t\t\t\t\t<div class=\"elementor-widget-wrap\">\n\t\t\t\t\t\t\t\t<\/div>\n\t\t\t\t\t<\/div>\n\t\t<\/div>\n\t\t\t\t<div class=\"elementor-column elementor-col-16 elementor-top-column elementor-element elementor-element-a40fb47\" data-id=\"a40fb47\" data-element_type=\"column\">\n\t\t\t<div class=\"elementor-column-wrap\">\n\t\t\t\t\t\t\t<div class=\"elementor-widget-wrap\">\n\t\t\t\t\t\t\t\t<\/div>\n\t\t\t\t\t<\/div>\n\t\t<\/div>\n\t\t\t\t<div class=\"elementor-column elementor-col-16 elementor-top-column elementor-element elementor-element-388875d\" data-id=\"388875d\" data-element_type=\"column\">\n\t\t\t<div class=\"elementor-column-wrap\">\n\t\t\t\t\t\t\t<div class=\"elementor-widget-wrap\">\n\t\t\t\t\t\t\t\t<\/div>\n\t\t\t\t\t<\/div>\n\t\t<\/div>\n\t\t\t\t<div class=\"elementor-column elementor-col-16 elementor-top-column elementor-element elementor-element-87ad32d\" data-id=\"87ad32d\" data-element_type=\"column\">\n\t\t\t<div class=\"elementor-column-wrap\">\n\t\t\t\t\t\t\t<div class=\"elementor-widget-wrap\">\n\t\t\t\t\t\t\t\t<\/div>\n\t\t\t\t\t<\/div>\n\t\t<\/div>\n\t\t\t\t\t\t\t\t<\/div>\n\t\t\t\t\t<\/div>\n\t\t<\/section>\n\t\t\t\t\t\t<\/div>\n\t\t\t\t\t\t<\/div>\n\t\t\t\t\t<\/div>\n\t\t","protected":false},"excerpt":{"rendered":"<p>K\u0131br\u0131s T\u00fcrk Medyas\u0131 \u0130\u00e7in Uzun Vadeli Sekt\u00f6r Stratejisi Long-Term Sectoral Strategy for Turkish Cypriot Media<\/p>\n","protected":false},"author":2,"featured_media":0,"parent":0,"menu_order":0,"comment_status":"closed","ping_status":"closed","template":"","meta":{"footnotes":""},"_links":{"self":[{"href":"https:\/\/gazetecilerbirligi.com\/index.php?rest_route=\/wp\/v2\/pages\/3372"}],"collection":[{"href":"https:\/\/gazetecilerbirligi.com\/index.php?rest_route=\/wp\/v2\/pages"}],"about":[{"href":"https:\/\/gazetecilerbirligi.com\/index.php?rest_route=\/wp\/v2\/types\/page"}],"author":[{"embeddable":true,"href":"https:\/\/gazetecilerbirligi.com\/index.php?rest_route=\/wp\/v2\/users\/2"}],"replies":[{"embeddable":true,"href":"https:\/\/gazetecilerbirligi.com\/index.php?rest_route=%2Fwp%2Fv2%2Fcomments&post=3372"}],"version-history":[{"count":2,"href":"https:\/\/gazetecilerbirligi.com\/index.php?rest_route=\/wp\/v2\/pages\/3372\/revisions"}],"predecessor-version":[{"id":3602,"href":"https:\/\/gazetecilerbirligi.com\/index.php?rest_route=\/wp\/v2\/pages\/3372\/revisions\/3602"}],"wp:attachment":[{"href":"https:\/\/gazetecilerbirligi.com\/index.php?rest_route=%2Fwp%2Fv2%2Fmedia&parent=3372"}],"curies":[{"name":"wp","href":"https:\/\/api.w.org\/{rel}","templated":true}]}}