{"id":1512,"date":"2019-08-05T16:53:22","date_gmt":"2019-08-05T13:53:22","guid":{"rendered":"https:\/\/gazetecilerbirligi.com\/?page_id=1512"},"modified":"2020-09-04T14:35:38","modified_gmt":"2020-09-04T11:35:38","slug":"commit","status":"publish","type":"page","link":"https:\/\/gazetecilerbirligi.com\/?page_id=1512","title":{"rendered":"Commit"},"content":{"rendered":"\t\t<div data-elementor-type=\"wp-post\" data-elementor-id=\"1512\" class=\"elementor elementor-1512\" data-elementor-settings=\"[]\">\n\t\t\t\t\t\t<div class=\"elementor-inner\">\n\t\t\t\t\t\t\t<div class=\"elementor-section-wrap\">\n\t\t\t\t\t\t\t<section class=\"elementor-section elementor-top-section elementor-element elementor-element-b4e8563 elementor-section-boxed elementor-section-height-default elementor-section-height-default\" data-id=\"b4e8563\" data-element_type=\"section\">\n\t\t\t\t\t\t<div class=\"elementor-container elementor-column-gap-default\">\n\t\t\t\t\t\t\t<div class=\"elementor-row\">\n\t\t\t\t\t<div class=\"elementor-column elementor-col-100 elementor-top-column elementor-element elementor-element-733b099\" data-id=\"733b099\" data-element_type=\"column\">\n\t\t\t<div class=\"elementor-column-wrap elementor-element-populated\">\n\t\t\t\t\t\t\t<div class=\"elementor-widget-wrap\">\n\t\t\t\t\t\t<div class=\"elementor-element elementor-element-68a5a16 elementor-widget elementor-widget-image\" data-id=\"68a5a16\" data-element_type=\"widget\" data-widget_type=\"image.default\">\n\t\t\t\t<div class=\"elementor-widget-container\">\n\t\t\t\t\t<div class=\"elementor-image\">\n\t\t\t\t\t\t\t\t\t\t<img loading=\"lazy\" width=\"150\" height=\"150\" src=\"https:\/\/gazetecilerbirligi.com\/wp-content\/uploads\/2019\/08\/commit-logo-150x150.png\" class=\"attachment-thumbnail size-thumbnail\" alt=\"\" decoding=\"async\" srcset=\"https:\/\/gazetecilerbirligi.com\/wp-content\/uploads\/2019\/08\/commit-logo-150x150.png 150w, https:\/\/gazetecilerbirligi.com\/wp-content\/uploads\/2019\/08\/commit-logo-300x300.png 300w, https:\/\/gazetecilerbirligi.com\/wp-content\/uploads\/2019\/08\/commit-logo-768x768.png 768w, https:\/\/gazetecilerbirligi.com\/wp-content\/uploads\/2019\/08\/commit-logo-1024x1024.png 1024w\" sizes=\"(max-width: 150px) 100vw, 150px\" \/>\t\t\t\t\t\t\t\t\t\t\t<\/div>\n\t\t\t\t<\/div>\n\t\t\t\t<\/div>\n\t\t\t\t<div class=\"elementor-element elementor-element-3ea8c1b elementor-widget elementor-widget-text-editor\" data-id=\"3ea8c1b\" data-element_type=\"widget\" data-widget_type=\"text-editor.default\">\n\t\t\t\t<div class=\"elementor-widget-container\">\n\t\t\t\t\t<div class=\"elementor-text-editor elementor-clearfix\"><p>\u0130nsan Ticaretine Kar\u015f\u0131 Koordineli \u00d6nlemler ve Mekanizmalar &#8211; COMMIT projesi, insan ticaretine kar\u015f\u0131 etkili ve koordineli m\u00fcdahalelerin olu\u015fturulmas\u0131 ve insan ticareti ile ilgili bilginin art\u0131r\u0131lmas\u0131 \u00e7abalar\u0131na katk\u0131 koyma amac\u0131 g\u00fcd\u00fcyor&#8230;<\/p><p>COMMIT Projesi, bir\u00e7ok hak ihlallerine sebebiyet veren ve K\u0131br\u0131s\u2019\u0131n kuzey kesiminde yayg\u0131n bir \u015fekilde ger\u00e7ekle\u015fti\u011fi raporlanan insan ticareti ile m\u00fccadelede ilk kez bir\u00e7ok \u00f6rg\u00fct ve kurumun bir araya gelerek ortak irade koymas\u0131n\u0131 i\u00e7ermesi a\u00e7\u0131s\u0131ndan bir ilk ve \u00f6nemli bir ad\u0131m te\u015fkil ediyor.<\/p><p style=\"text-align: left;\">Avrupa Birli\u011fi taraf\u0131ndan \u0130nsan Ticaretine Kar\u015f\u0131 Birlikte M\u00fccadele Hibe Program\u0131 kapsam\u0131nda<span style=\"font-size: 16.0016px;\">\u00a0finanse edilen ve M\u00fclteci Haklar\u0131 Derne\u011fi taraf\u0131ndan, K\u0131br\u0131s T\u00fcrk Barolar Birli\u011fi, K\u0131br\u0131s T\u00fcrk Gazeteciler Birli\u011fi, K\u0131br\u0131sl\u0131 T\u00fcrk \u0130nsan Haklar\u0131 Vakf\u0131, Kuir K\u0131br\u0131s Derne\u011fi, Lefko\u015fa T\u00fcrk Belediyesi ve Ma\u011fusa Gen\u00e7lik Merkezi Derne\u011fi ile i\u015fbirli\u011fi i\u00e7erisinde y\u00fcr\u00fct\u00fclen projeye; SOS \u00c7ocuk K\u00f6y\u00fc Derne\u011fi de i\u015ftirak\u00e7i olarak katk\u0131 koymaktad\u0131r.<\/span><\/p><p>K\u0131br\u0131s T\u00fcrk Gazeteciler Birli\u011fi, insan ticareti konusundaki fark\u0131ndal\u0131\u011f\u0131 art\u0131rmaya katk\u0131 koyacak; \u00a0\u00f6nlemlerin al\u0131nmas\u0131n\u0131, etkili m\u00fcdahalede bulunulmas\u0131n\u0131 h\u0131zland\u0131rmak i\u00e7in \u00e7aba sarf edecek.<\/p><\/div>\n\t\t\t\t<\/div>\n\t\t\t\t<\/div>\n\t\t\t\t\t\t<\/div>\n\t\t\t\t\t<\/div>\n\t\t<\/div>\n\t\t\t\t\t\t\t\t<\/div>\n\t\t\t\t\t<\/div>\n\t\t<\/section>\n\t\t\t\t<section class=\"elementor-section elementor-top-section elementor-element elementor-element-4f24697 elementor-section-boxed elementor-section-height-default elementor-section-height-default\" data-id=\"4f24697\" data-element_type=\"section\">\n\t\t\t\t\t\t<div class=\"elementor-container elementor-column-gap-default\">\n\t\t\t\t\t\t\t<div class=\"elementor-row\">\n\t\t\t\t\t<div class=\"elementor-column elementor-col-100 elementor-top-column elementor-element elementor-element-4ea8093\" data-id=\"4ea8093\" data-element_type=\"column\">\n\t\t\t<div class=\"elementor-column-wrap elementor-element-populated\">\n\t\t\t\t\t\t\t<div class=\"elementor-widget-wrap\">\n\t\t\t\t\t\t<div class=\"elementor-element elementor-element-a69adbf elementor-widget elementor-widget-gallery\" data-id=\"a69adbf\" data-element_type=\"widget\" data-settings=\"{&quot;columns&quot;:3,&quot;image_hover_animation&quot;:&quot;grow&quot;,&quot;lazyload&quot;:&quot;yes&quot;,&quot;gallery_layout&quot;:&quot;grid&quot;,&quot;columns_tablet&quot;:2,&quot;columns_mobile&quot;:1,&quot;gap&quot;:{&quot;unit&quot;:&quot;px&quot;,&quot;size&quot;:10,&quot;sizes&quot;:[]},&quot;gap_tablet&quot;:{&quot;unit&quot;:&quot;px&quot;,&quot;size&quot;:10,&quot;sizes&quot;:[]},&quot;gap_mobile&quot;:{&quot;unit&quot;:&quot;px&quot;,&quot;size&quot;:10,&quot;sizes&quot;:[]},&quot;link_to&quot;:&quot;file&quot;,&quot;aspect_ratio&quot;:&quot;3:2&quot;,&quot;overlay_background&quot;:&quot;yes&quot;,&quot;content_hover_animation&quot;:&quot;fade-in&quot;}\" data-widget_type=\"gallery.default\">\n\t\t\t\t<div class=\"elementor-widget-container\">\n\t\t\t\t\t<div class=\"elementor-gallery__container\">\n\t\t\t\t\t\t\t<a class=\"e-gallery-item elementor-gallery-item elementor-animated-content\" href=\"https:\/\/gazetecilerbirligi.com\/wp-content\/uploads\/2019\/08\/commit-4.jpg\" data-elementor-open-lightbox=\"yes\" data-elementor-lightbox-slideshow=\"all-a69adbf\" data-elementor-lightbox-title=\"commit (4)\">\n\t\t\t\t\t<div class=\"e-gallery-image elementor-gallery-item__image\" data-thumbnail=\"https:\/\/gazetecilerbirligi.com\/wp-content\/uploads\/2019\/08\/commit-4-300x300.jpg\" data-width=\"300\" data-height=\"300\" alt=\"\" ><\/div>\n\t\t\t\t\t\t\t\t\t\t<div class=\"elementor-gallery-item__overlay\"><\/div>\n\t\t\t\t\t\t\t\t\t\t\t\t\t\t<\/a>\n\t\t\t\t\t\t\t<a class=\"e-gallery-item elementor-gallery-item elementor-animated-content\" href=\"https:\/\/gazetecilerbirligi.com\/wp-content\/uploads\/2019\/08\/commit-8.jpg\" data-elementor-open-lightbox=\"yes\" data-elementor-lightbox-slideshow=\"all-a69adbf\" data-elementor-lightbox-title=\"commit (8)\">\n\t\t\t\t\t<div class=\"e-gallery-image elementor-gallery-item__image\" data-thumbnail=\"https:\/\/gazetecilerbirligi.com\/wp-content\/uploads\/2019\/08\/commit-8-300x300.jpg\" data-width=\"300\" data-height=\"300\" alt=\"\" ><\/div>\n\t\t\t\t\t\t\t\t\t\t<div class=\"elementor-gallery-item__overlay\"><\/div>\n\t\t\t\t\t\t\t\t\t\t\t\t\t\t<\/a>\n\t\t\t\t\t\t\t<a class=\"e-gallery-item elementor-gallery-item elementor-animated-content\" href=\"https:\/\/gazetecilerbirligi.com\/wp-content\/uploads\/2019\/08\/commit-1.jpg\" data-elementor-open-lightbox=\"yes\" data-elementor-lightbox-slideshow=\"all-a69adbf\" data-elementor-lightbox-title=\"commit (1)\">\n\t\t\t\t\t<div class=\"e-gallery-image elementor-gallery-item__image\" data-thumbnail=\"https:\/\/gazetecilerbirligi.com\/wp-content\/uploads\/2019\/08\/commit-1-300x300.jpg\" data-width=\"300\" data-height=\"300\" alt=\"\" ><\/div>\n\t\t\t\t\t\t\t\t\t\t<div class=\"elementor-gallery-item__overlay\"><\/div>\n\t\t\t\t\t\t\t\t\t\t\t\t\t\t<\/a>\n\t\t\t\t\t\t\t<a class=\"e-gallery-item elementor-gallery-item elementor-animated-content\" href=\"https:\/\/gazetecilerbirligi.com\/wp-content\/uploads\/2019\/08\/commit-3.jpg\" data-elementor-open-lightbox=\"yes\" data-elementor-lightbox-slideshow=\"all-a69adbf\" data-elementor-lightbox-title=\"commit (3)\">\n\t\t\t\t\t<div class=\"e-gallery-image elementor-gallery-item__image\" data-thumbnail=\"https:\/\/gazetecilerbirligi.com\/wp-content\/uploads\/2019\/08\/commit-3-300x300.jpg\" data-width=\"300\" data-height=\"300\" alt=\"\" ><\/div>\n\t\t\t\t\t\t\t\t\t\t<div class=\"elementor-gallery-item__overlay\"><\/div>\n\t\t\t\t\t\t\t\t\t\t\t\t\t\t<\/a>\n\t\t\t\t\t\t\t<a class=\"e-gallery-item elementor-gallery-item elementor-animated-content\" href=\"https:\/\/gazetecilerbirligi.com\/wp-content\/uploads\/2019\/08\/commit-5.jpg\" data-elementor-open-lightbox=\"yes\" data-elementor-lightbox-slideshow=\"all-a69adbf\" data-elementor-lightbox-title=\"commit (5)\">\n\t\t\t\t\t<div class=\"e-gallery-image elementor-gallery-item__image\" data-thumbnail=\"https:\/\/gazetecilerbirligi.com\/wp-content\/uploads\/2019\/08\/commit-5-300x300.jpg\" data-width=\"300\" data-height=\"300\" alt=\"\" ><\/div>\n\t\t\t\t\t\t\t\t\t\t<div class=\"elementor-gallery-item__overlay\"><\/div>\n\t\t\t\t\t\t\t\t\t\t\t\t\t\t<\/a>\n\t\t\t\t\t\t\t<a class=\"e-gallery-item elementor-gallery-item elementor-animated-content\" href=\"https:\/\/gazetecilerbirligi.com\/wp-content\/uploads\/2019\/08\/commit-9.jpg\" data-elementor-open-lightbox=\"yes\" data-elementor-lightbox-slideshow=\"all-a69adbf\" data-elementor-lightbox-title=\"commit (9)\">\n\t\t\t\t\t<div class=\"e-gallery-image elementor-gallery-item__image\" data-thumbnail=\"https:\/\/gazetecilerbirligi.com\/wp-content\/uploads\/2019\/08\/commit-9-300x300.jpg\" data-width=\"300\" data-height=\"300\" alt=\"\" ><\/div>\n\t\t\t\t\t\t\t\t\t\t<div class=\"elementor-gallery-item__overlay\"><\/div>\n\t\t\t\t\t\t\t\t\t\t\t\t\t\t<\/a>\n\t\t\t\t\t<\/div>\n\t\t\t<\/div>\n\t\t\t\t<\/div>\n\t\t\t\t\t\t<\/div>\n\t\t\t\t\t<\/div>\n\t\t<\/div>\n\t\t\t\t\t\t\t\t<\/div>\n\t\t\t\t\t<\/div>\n\t\t<\/section>\n\t\t\t\t\t\t<\/div>\n\t\t\t\t\t\t<\/div>\n\t\t\t\t\t<\/div>\n\t\t","protected":false},"excerpt":{"rendered":"<p>\u0130nsan Ticaretine Kar\u015f\u0131 Koordineli \u00d6nlemler ve Mekanizmalar &#8211; COMMIT projesi, insan ticaretine kar\u015f\u0131 etkili ve koordineli m\u00fcdahalelerin olu\u015fturulmas\u0131 ve insan ticareti ile ilgili bilginin art\u0131r\u0131lmas\u0131 \u00e7abalar\u0131na<span class=\"excerpt-hellip\"> [\u2026]<\/span><\/p>\n","protected":false},"author":2,"featured_media":0,"parent":0,"menu_order":0,"comment_status":"closed","ping_status":"closed","template":"","meta":{"footnotes":""},"_links":{"self":[{"href":"https:\/\/gazetecilerbirligi.com\/index.php?rest_route=\/wp\/v2\/pages\/1512"}],"collection":[{"href":"https:\/\/gazetecilerbirligi.com\/index.php?rest_route=\/wp\/v2\/pages"}],"about":[{"href":"https:\/\/gazetecilerbirligi.com\/index.php?rest_route=\/wp\/v2\/types\/page"}],"author":[{"embeddable":true,"href":"https:\/\/gazetecilerbirligi.com\/index.php?rest_route=\/wp\/v2\/users\/2"}],"replies":[{"embeddable":true,"href":"https:\/\/gazetecilerbirligi.com\/index.php?rest_route=%2Fwp%2Fv2%2Fcomments&post=1512"}],"version-history":[{"count":0,"href":"https:\/\/gazetecilerbirligi.com\/index.php?rest_route=\/wp\/v2\/pages\/1512\/revisions"}],"wp:attachment":[{"href":"https:\/\/gazetecilerbirligi.com\/index.php?rest_route=%2Fwp%2Fv2%2Fmedia&parent=1512"}],"curies":[{"name":"wp","href":"https:\/\/api.w.org\/{rel}","templated":true}]}}